{"id":1996,"date":"2020-04-05T18:00:09","date_gmt":"2020-04-05T18:00:09","guid":{"rendered":"https:\/\/nauthemes.com\/wp\/alim\/?page_id=1996"},"modified":"2023-09-21T13:17:16","modified_gmt":"2023-09-21T13:17:16","slug":"rreth-nesh","status":"publish","type":"page","link":"https:\/\/dituria.ch\/fr\/rreth-nesh\/","title":{"rendered":"\u00c0-propos"},"content":{"rendered":"<div data-elementor-type=\"wp-page\" data-elementor-id=\"1996\" class=\"elementor elementor-1996\">\n\t\t\t\t\t\t<section class=\"elementor-section elementor-top-section elementor-element elementor-element-f97a6cd elementor-section-stretched elementor-section-full_width elementor-hidden-desktop elementor-hidden-tablet elementor-hidden-mobile elementor-section-height-default elementor-section-height-default\" data-id=\"f97a6cd\" data-element_type=\"section\" data-e-type=\"section\" data-settings=\"{&quot;stretch_section&quot;:&quot;section-stretched&quot;}\">\n\t\t\t\t\t\t<div class=\"elementor-container elementor-column-gap-no\">\n\t\t\t\t\t<div class=\"elementor-column elementor-col-100 elementor-top-column elementor-element elementor-element-f61574f\" data-id=\"f61574f\" data-element_type=\"column\" data-e-type=\"column\">\n\t\t\t<div class=\"elementor-widget-wrap elementor-element-populated\">\n\t\t\t\t\t\t<div class=\"elementor-element elementor-element-aaba5f0 elementor-widget elementor-widget-things_we_do\" data-id=\"aaba5f0\" data-element_type=\"widget\" data-e-type=\"widget\" data-widget_type=\"things_we_do.default\">\n\t\t\t\t<div class=\"elementor-widget-container\">\n\t\t\t\t\t\t\n\t<section class = \"alim\">\n            <div class=\"gap\">\n                <div class=\"container\">\n                    <div class=\"sec-title style2 text-center\">\n                        <div class=\"sec-title-inner\">\n                            <h3><span class=\"secndry-clr\">Things<\/span> We Are Doing<\/h3>\n                        <\/div>\n                        <p>At vero eos et accusamus et iusto odio dignissimos ducimus qui blanditiis um voluptatum deleniti atque orrupti quos dolores.<\/p>\n                    <\/div>\n                    <div class=\"srv-wrap3\">\n                        <div class=\"row\">\n                            <div class=\"col-md-4 col-sm-12 col-lg-4\">\n                                <div class=\"srv-mckp\">\n                                    <img decoding=\"async\" src=\"https:\/\/nauthemes.com\/wp\/alim\/wp-content\/uploads\/2018\/12\/350x460.png\" alt=\"about-image\">\n                                <\/div>\n                            <\/div>\n                            <div class=\"col-md-8 col-sm-12 col-lg-8\">\n                                <div class=\"remove-ext5\">\n                                    <div class=\"row\">\n\t\t\t\t\t\t\t\t\t\n                                    <\/div>\n                                <\/div>\n                            <\/div>\n                        <\/div>\n                    <\/div>\n                <\/div>\n            <\/div>\n        <\/section>\n\t\n\t\t\n    \t\t\t\t<\/div>\n\t\t\t\t<\/div>\n\t\t\t\t\t<\/div>\n\t\t<\/div>\n\t\t\t\t\t<\/div>\n\t\t<\/section>\n\t\t\t\t<section class=\"elementor-section elementor-top-section elementor-element elementor-element-5997e1e elementor-section-stretched elementor-section-full_width elementor-hidden-desktop elementor-hidden-tablet elementor-hidden-mobile elementor-section-height-default elementor-section-height-default\" data-id=\"5997e1e\" data-element_type=\"section\" data-e-type=\"section\" data-settings=\"{&quot;stretch_section&quot;:&quot;section-stretched&quot;}\">\n\t\t\t\t\t\t<div class=\"elementor-container elementor-column-gap-no\">\n\t\t\t\t\t<div class=\"elementor-column elementor-col-100 elementor-top-column elementor-element elementor-element-a118cf8\" data-id=\"a118cf8\" data-element_type=\"column\" data-e-type=\"column\">\n\t\t\t<div class=\"elementor-widget-wrap elementor-element-populated\">\n\t\t\t\t\t\t<div class=\"elementor-element elementor-element-2e84d3a elementor-widget elementor-widget-tutors_2\" data-id=\"2e84d3a\" data-element_type=\"widget\" data-e-type=\"widget\" data-widget_type=\"tutors_2.default\">\n\t\t\t\t<div class=\"elementor-widget-container\">\n\t\t\t\t\t\n\t\n\t<section class = \"alim tutors2\">\n\t\t<div class=\"gap top-spac200\">\n\t\t\t<div class=\"container\">\n\t\t\t\t\t\t<div class=\"sec-title2 text-center\">\n\t\t\t\t\t\t\t<div class=\"sec-title-inner\"><span>Our Expert<\/span><h3>Islamic Scholars<\/h3>\n\t\t\t\t\t\t\t<\/div><p>Lorem ipsum dolor sit amet, consectetur adipisicing elit, sed do eiusmod tempor incididunt ut labore et dolore magna aliqua.<\/p>\n\t\t\t\t\t\t<\/div>\n\t\t\t\t<div class=\"team-wrap text-center remove-ext3\">\n\t\t\t\t\t<div class=\"row\">\n\t\t\t\t\t\t\t<div class=\"col-md-3 col-sm-6 col-lg-3\">\n\t\t\t\t\t\t\t\t<div class=\"team-box2 wow noanim\" data-wow-duration=\"1s\">\n\t\t\t\t\t\t\t\t\t\n\t\t\t\t\t\t\t\t\t<div class=\"team-info2\">\n\t\t\t\t\t\t\t\t\t\t<h4>Rijad Aliu<\/h4>\n\t\t\t\t\t\t\t\t\t\t<p><\/p>\n\t\t\t\t\t\t\t\t\t\t<div class=\"team-scl\">\n\t\t\t\t\t\t\t\t\t\t<\/div>\n\t\t\t\t\t\t\t\t\t<\/div>\n\t\t\t\t\t\t\t\t<\/div>\n\t\t\t\t\t\t\t<\/div>\n\t\n\t\t\t\t\t<\/div>\n\t\t\t\t<\/div><!-- Team Wrap -->\n\t\t\t<\/div>\n\t\t<\/div>\n\t<\/section>\t\t\t\t<\/div>\n\t\t\t\t<\/div>\n\t\t\t\t\t<\/div>\n\t\t<\/div>\n\t\t\t\t\t<\/div>\n\t\t<\/section>\n\t\t\t\t<section class=\"elementor-section elementor-top-section elementor-element elementor-element-b2eccc0 elementor-section-stretched elementor-section-full_width elementor-section-height-default elementor-section-height-default\" data-id=\"b2eccc0\" data-element_type=\"section\" data-e-type=\"section\" data-settings=\"{&quot;stretch_section&quot;:&quot;section-stretched&quot;}\">\n\t\t\t\t\t\t<div class=\"elementor-container elementor-column-gap-no\">\n\t\t\t\t\t<div class=\"elementor-column elementor-col-100 elementor-top-column elementor-element elementor-element-2f1980f\" data-id=\"2f1980f\" data-element_type=\"column\" data-e-type=\"column\">\n\t\t\t<div class=\"elementor-widget-wrap elementor-element-populated\">\n\t\t\t\t\t\t<div class=\"elementor-element elementor-element-f1d3f6d elementor-hidden-desktop elementor-hidden-tablet elementor-hidden-mobile elementor-widget elementor-widget-pillars\" data-id=\"f1d3f6d\" data-element_type=\"widget\" data-e-type=\"widget\" data-widget_type=\"pillars.default\">\n\t\t\t\t<div class=\"elementor-widget-container\">\n\t\t\t\t\t\n\t\t\t\t<section>\n\t\t\t\t\t<div class=\"gap black-layer opc8\"><div class=\"fixed-bg\" style=\"background-image: url(https:\/\/dituria.ch\/wp-content\/uploads\/2023\/08\/308160996_501515295315931_3209382624918424098_n.jpeg);\"><\/div>\n\t\t\t\t\t\t<div class=\"container pillar_head alim\">\n\t\t\t\t\t\t\t<div class=\"sec-title2 text-center\">\n\t\t\t\t\t\t\t\t<div class=\"sec-title-inner2\"><h3 itemprop=\"headline\">Shtyllat e Islamit<\/h2>\n\t\t\t\t\t\t\t\t<\/div>\n\t\t\t\t\t\t\t<\/div>\n\t\t\t\t\t\t\t<div class=\"remove-ext3\"><ul class=\"plrs-wrp text-center\">\n\t\t\t\t\t\t\t\t\t\t\t\t<li class = \"wow noanim\" data-wow-duration=\"1s\">\n\t\t\t\t\t\t\t\t\t\t\t\t\t<div class=\"plr-bx\"><i class=\"flaticon-muslim-man-praying brd-rd50\"><\/i><h5 itemprop=\"headline\">La Shahada<\/h5>\n\t\t\t\t\t\t\t\t\t\t\t\t\t<\/div>\n\t\t\t\t\t\t\t\t\t\t\t\t<\/li>\n\t\t\t\t\t\t\t\t\t\t\t\t<li class = \"wow noanim\" data-wow-duration=\"2s\">\n\t\t\t\t\t\t\t\t\t\t\t\t\t<div class=\"plr-bx\"><i class=\"flaticon-clicker brd-rd50\"><\/i><h5 itemprop=\"headline\">La Pri\u00e8re<\/h5>\n\t\t\t\t\t\t\t\t\t\t\t\t\t<\/div>\n\t\t\t\t\t\t\t\t\t\t\t\t<\/li>\n\t\t\t\t\t\t\t\t\t\t\t\t<li class = \"wow noanim\" data-wow-duration=\"3s\">\n\t\t\t\t\t\t\t\t\t\t\t\t\t<div class=\"plr-bx\"><i class=\"flaticon-money brd-rd50\"><\/i><h5 itemprop=\"headline\">La Z\u00e9kat<\/h5>\n\t\t\t\t\t\t\t\t\t\t\t\t\t<\/div>\n\t\t\t\t\t\t\t\t\t\t\t\t<\/li>\n\t\t\t\t\t\t\t\t\t\t\t\t<li class = \"wow noanim\" data-wow-duration=\"4s\">\n\t\t\t\t\t\t\t\t\t\t\t\t\t<div class=\"plr-bx\"><i class=\"flaticon-islamic-ramadan brd-rd50\"><\/i><h5 itemprop=\"headline\">La Je\u00fbne<\/h5>\n\t\t\t\t\t\t\t\t\t\t\t\t\t<\/div>\n\t\t\t\t\t\t\t\t\t\t\t\t<\/li>\n\t\t\t\t\t\t\t\t\t\t\t\t<li class = \"wow noanim\" data-wow-duration=\"5s\">\n\t\t\t\t\t\t\t\t\t\t\t\t\t<div class=\"plr-bx\"><i class=\"flaticon-kaaba-building brd-rd50\"><\/i><h5 itemprop=\"headline\">Haxh<\/h5>\n\t\t\t\t\t\t\t\t\t\t\t\t\t<\/div>\n\t\t\t\t\t\t\t\t\t\t\t\t<\/li>\t\n\t\t\t\t\t\t\t\t\t<\/ul>\t\n\t\t\t\t\t\t\t<\/div>\n\t\t\t\t\t\t<\/div>\n\t\t\t\t\t<\/div>\n\t\t\t\t<\/section>\t\t\t\t<\/div>\n\t\t\t\t<\/div>\n\t\t\t\t\t<\/div>\n\t\t<\/div>\n\t\t\t\t\t<\/div>\n\t\t<\/section>\n\t\t\t\t<section class=\"elementor-section elementor-top-section elementor-element elementor-element-012fabd elementor-section-stretched elementor-section-full_width elementor-hidden-desktop elementor-hidden-tablet elementor-hidden-mobile elementor-section-height-default elementor-section-height-default\" data-id=\"012fabd\" data-element_type=\"section\" data-e-type=\"section\" data-settings=\"{&quot;stretch_section&quot;:&quot;section-stretched&quot;}\">\n\t\t\t\t\t\t<div class=\"elementor-container elementor-column-gap-no\">\n\t\t\t\t\t<div class=\"elementor-column elementor-col-100 elementor-top-column elementor-element elementor-element-df939e9\" data-id=\"df939e9\" data-element_type=\"column\" data-e-type=\"column\">\n\t\t\t<div class=\"elementor-widget-wrap elementor-element-populated\">\n\t\t\t\t\t\t<div class=\"elementor-element elementor-element-053de7d elementor-widget elementor-widget-good_words\" data-id=\"053de7d\" data-element_type=\"widget\" data-e-type=\"widget\" data-widget_type=\"good_words.default\">\n\t\t\t\t<div class=\"elementor-widget-container\">\n\t\t\t\t\t\n\t\t\n\t\t<section class = \"alim\">\n            <div class=\"gap\">\n\t\t\t\t<div class=\"container\">\n\t\t\t\t\t\t\t<div class=\"sec-title text-center\">\n\t\t\t\t\t\t\t\t<div class=\"sec-title-inner\"><span>What Our<\/span><h3>Donator Say<\/h3>\n\t\t\t\t\t\t\t\t<\/div>\n\t\t\t\t\t\t\t<\/div>\n                    <div class=\"testi-wrap style2 text-center\">\n                        <div class=\"testi-car owl-carousel\">\n                        <\/div>\n                    <\/div>\n                <\/div>\n            <\/div>\n        <\/section>\t\t\t\t<\/div>\n\t\t\t\t<\/div>\n\t\t\t\t\t<\/div>\n\t\t<\/div>\n\t\t\t\t\t<\/div>\n\t\t<\/section>\n\t\t\t\t<section class=\"elementor-section elementor-top-section elementor-element elementor-element-4730b08 elementor-section-boxed elementor-section-height-default elementor-section-height-default\" data-id=\"4730b08\" data-element_type=\"section\" data-e-type=\"section\">\n\t\t\t\t\t\t<div class=\"elementor-container elementor-column-gap-default\">\n\t\t\t\t\t<div class=\"elementor-column elementor-col-100 elementor-top-column elementor-element elementor-element-b79fe46\" data-id=\"b79fe46\" data-element_type=\"column\" data-e-type=\"column\">\n\t\t\t<div class=\"elementor-widget-wrap\">\n\t\t\t\t\t\t\t<\/div>\n\t\t<\/div>\n\t\t\t\t\t<\/div>\n\t\t<\/section>\n\t\t\t\t<section class=\"elementor-section elementor-top-section elementor-element elementor-element-06fea78 elementor-section-boxed elementor-section-height-default elementor-section-height-default\" data-id=\"06fea78\" data-element_type=\"section\" data-e-type=\"section\">\n\t\t\t\t\t\t<div class=\"elementor-container elementor-column-gap-default\">\n\t\t\t\t\t<div class=\"elementor-column elementor-col-100 elementor-top-column elementor-element elementor-element-62d79c1\" data-id=\"62d79c1\" data-element_type=\"column\" data-e-type=\"column\">\n\t\t\t<div class=\"elementor-widget-wrap elementor-element-populated\">\n\t\t\t\t\t\t<div class=\"elementor-element elementor-element-2c99905 elementor-widget elementor-widget-about_us_3\" data-id=\"2c99905\" data-element_type=\"widget\" data-e-type=\"widget\" data-widget_type=\"about_us_3.default\">\n\t\t\t\t<div class=\"elementor-widget-container\">\n\t\t\t\t\t\t\n\t<section class = \"alim\">\n\t\t<div class=\"gap\">\n\t\t\t<div class=\"container\">\n\t\t\t\t<div class=\"hstry-wrap\">\n\t\t\t\t\t<div class=\"row mrg\">\n\t\t\t\t\t\t<div class=\"col-md-6 col-sm-12 col-lg-6\">\n\t\t\t\t\t\t\t<div class=\"hstry-img text-center\">\n\t\t\t\t\t\t\t\t<img decoding=\"async\" src=\"https:\/\/dituria.ch\/wp-content\/uploads\/2020\/05\/hstry-img.png\" alt=\"History Image\">\t\t\t\t\t\t\t<\/div>\n\t\t\t\t\t\t<\/div>\n\t\t\t\t\t\t<div class=\"col-md-6 col-sm-12 col-lg-6\">\n\t\t\t\t\t\t\t<div class=\"hstry-desc sec-title\">\n\t\t\t\t\t\t\t\t\t\t\t\t\t\t\t\t\t<div class=\"sec-title-inner\">\n\t\t\t\t\t\t\t\t\t\t<span>Pour nous<\/span>\t\t\t\t\t\t\t\t\t\t<h3>Histoire du Centre<\/h3>\t\t\t\t\t\t\t\t\t<\/div>\n\t\t\t\t\t\t\t\t\t\t\t\t\t\t\t\t<p>Xhamia <strong>DITURIA<\/strong>-Gjenev\u00eb, ose Q.I.K.SH.D (Qendra Islame Kulturore Shqiptare Dituria), \u00ebsht\u00eb qend\u00ebr e formuar n\u00eb tetor t\u00eb vitit 2005, nga xhemati shqiptar\u00eb i Xhamis\u00eb s\u00eb madhe (e arab\u00ebve) n\u00eb Gjenev\u00eb.<\/p>\n<p>Le Q.I.K.SH.D est donc la continuation de l'organisation des Albanais musulmans qui g\u00e9rait la mosqu\u00e9e albanaise de Gen\u00e8ve.<\/p>\n<p>Elle a \u00e9t\u00e9 initialement cr\u00e9\u00e9e sous le nom de SH.K.R.B (Association culturelle de la jeunesse des Balkans) et en novembre 2008, elle a \u00e9t\u00e9 transform\u00e9e en Q.I.K.SH.D.<\/p>\n<p>\u2022Q\u00ebllimi i formimit:<\/p>\n<p>Duke u nisur nga fakti q\u00eb neve shqiptar\u00ebve musliman na mungonte nj\u00eb xhami, at\u00ebher\u00eb ne u bashkuam dhe formuam k\u00ebt\u00eb shoqat\u00eb, me q\u00ebllim q\u00eb t\u00eb gjejm\u00eb nj\u00eb lokal p\u00ebr Xhami. Ky q\u00ebllim u realizua n\u00eb dhjetor t\u00eb vitit 2005, dhe pas disa pun\u00ebve q\u00eb kishte nevoj\u00eb lokali i ri p\u00ebr transoformimin e tij, arrit\u00ebm q\u00eb ta b\u00ebjm\u00eb hapjen solemne m\u00eb 9 prill 2006.<\/p>\n<p>\u2022Situata aktuale:<\/p>\n<p>Sot xhamia jon\u00eb ka nj\u00eb imam t\u00eb rregullt, i cili \u00ebsht\u00eb n\u00eb xhami p\u00ebr faljen e 5 koh\u00ebve t\u00eb namazit, ligjerata dit\u00ebve t\u00eb xhuma dhe t\u00eb dielave, m\u00ebsimbesimin fetar\u00eb p\u00ebr f\u00ebmij\u00eb dhe t\u00eb rritur, si dhe \u00ebsht\u00eb n\u00eb dispozicion t\u00eb xhematit p\u00ebr \u00e7do ceremoni fetare.<\/p>\n<p>Gjithashtu n\u00eb kuad\u00ebr t\u00eb xhamis\u00eb funksionon edhe sektori i femrave, me ligj\u00ebrata dhe m\u00ebsimbesim, q\u00eb dirigjohet nga personi kopmetent gjegj\u00ebsisht hafizja e Xhamis\u00eb son\u00eb.<\/p>\n<p>\u2022Burimet Financiare:<\/p>\n<p>T\u00eb gjitha k\u00ebto aktivitete mund\u00ebsohen nga an\u00ebtar\u00ebt tan\u00eb, t\u00eb cil\u00ebt kan\u00eb ndihmuar dhe vazhdojn\u00eb ta ndihmojn\u00eb k\u00ebt\u00eb xhami duke paguar an\u00ebtar\u00ebsin\u00eb vjetore prej 300 CHF p\u00ebr familje ose 350 CHF bashk\u00eb me funeralin.<\/p>\n<p>Mirpo kjo nuk \u00ebsht\u00eb forma e vetme e kontributit ngase kush deshiron mund t\u00eb kontribuoj\u00eb me donacione t\u00eb ndryshme dhe me shuma t\u00eb pacaktuara.<\/p>\n<p>Edhe ti v\u00eblla dhe mot\u00ebr q\u00eb je duke lexuar k\u00ebt\u00eb let\u00ebr mund t\u00eb ndihmosh Xhamin\u00eb materialisht n\u00eb format e lartp\u00ebrmendura, sepse xhamia ka nevoj\u00eb edhe p\u00ebr ndihm\u00ebn tuaj. <br \/>Kurse ju duke ndihmuar Xhamin\u00eb ndihmoni t\u00eb ardhmen e familjes suaj.<\/p>\n<p>P\u00ebr t\u00eb treguar r\u00ebnd\u00ebsin\u00eb dhe shp\u00ebrblimin e ndihmave q\u00eb jepen p\u00ebr mir\u00ebmbajtjen e Xhamis\u00eb dhe p\u00ebrfitimet q\u00eb fitohen nga kjo l\u00ebmosh\u00eb, po ju transmetojm\u00eb nj\u00eb hadith nga Uthman ibn Affan r.a i cili thot\u00eb: E kam degjuar Pejgamberin alejhi selam duke th\u00ebn\u00eb: \"Cilido q\u00eb nd\u00ebrton nj\u00eb Xhami, p\u00ebr hir t\u00eb All-llahut t\u00eb Madh\u00ebrish\u00ebm, All-llahu do T\u2019ia nd\u00ebrtoj\u00eb nj\u00eb sht\u00ebpi n\u00eb Xhennet\".<\/p>\n<p>Me respekt dhe nder\u00eb nga Imami dhe kryesia e Xhamis\u00eb <strong>Dituria<\/strong> Gjenev\u00eb.<\/p>\n<p>\u00a0<\/p>\n\t\t\t\t\t\t\t\t\t\t\t\t\t\t\t\t<ul>\t\t\t\t\t\t\t\t\t\t\n\t\t\t\t\t\t\t\t\t\t\t<li><\/li>\n\t\t\t\t\t\t\t\t\t\t\t\n\t\t\t\t\t\t\t\t\t\t\t<\/ul>\t\t\t\t\t\t\t<\/div>\n\t\t\t\t\t\t\t\t\t\t\t\t\t<\/div>\n\t\t\t\t\t<\/div>\n\t\t\t\t<\/div><!-- History Wrap -->\n\t\t\t<\/div>\n\t\t<\/div>\n\t<\/section>\n\t\n    \t\t\t\t<\/div>\n\t\t\t\t<\/div>\n\t\t\t\t\t<\/div>\n\t\t<\/div>\n\t\t\t\t\t<\/div>\n\t\t<\/section>\n\t\t\t\t<\/div>","protected":false},"excerpt":{"rendered":"<p>Things We Are Doing At vero eos et accusamus et iusto odio dignissimos ducimus qui blanditiis um voluptatum deleniti atque orrupti quos dolores. Our Expert Islamic Scholars Lorem ipsum dolor sit amet, consectetur adipisicing elit, sed do eiusmod tempor incididunt ut labore et dolore magna aliqua. Rijad Aliu Shtyllat e Islamit Shahadeti Namazi Zekati Agj\u00ebrimi Haxhi What Our Donator Say P\u00ebr ne Historia e Qendr\u00ebs Xhamia DITURIA-Gjenev\u00eb, ose Q.I.K.SH.D (Qendra Islame Kulturore Shqiptare Dituria), \u00ebsht\u00eb qend\u00ebr e formuar n\u00eb tetor t\u00eb vitit 2005, nga xhemati shqiptar\u00eb i Xhamis\u00eb s\u00eb madhe (e arab\u00ebve) n\u00eb Gjenev\u00eb. Pra Q.I.K.SH.D \u00ebsht\u00eb vazhdim\u00ebsi e organizimit t\u00eb shqiptar\u00ebve musliman q\u00eb menaxhuan xhamin\u00eb shqiptare n\u00eb Gjenev\u00eb. Fillimisht u formua si SH.K.R.B (Shoqat\u00eb Kulturore e t\u00eb Rinj\u00ebve t\u00eb Ballkanit) kurse n\u00eb n\u00ebntor t\u00eb vitit 2008 u sh\u00ebndrrua n\u00eb Q.I.K.SH.D. \u2022Q\u00ebllimi i formimit: Duke u nisur nga fakti q\u00eb neve shqiptar\u00ebve musliman na mungonte nj\u00eb xhami, at\u00ebher\u00eb ne u bashkuam dhe formuam k\u00ebt\u00eb shoqat\u00eb, me q\u00ebllim q\u00eb t\u00eb gjejm\u00eb nj\u00eb lokal p\u00ebr Xhami. Ky q\u00ebllim u realizua n\u00eb dhjetor t\u00eb vitit 2005, dhe pas disa pun\u00ebve q\u00eb kishte nevoj\u00eb lokali i ri p\u00ebr transoformimin e tij, arrit\u00ebm q\u00eb ta b\u00ebjm\u00eb hapjen solemne m\u00eb 9 prill 2006. \u2022Situata aktuale: Sot xhamia jon\u00eb ka nj\u00eb imam t\u00eb rregullt, i cili \u00ebsht\u00eb n\u00eb xhami p\u00ebr faljen e 5 koh\u00ebve t\u00eb namazit, ligjerata dit\u00ebve t\u00eb xhuma dhe t\u00eb dielave, m\u00ebsimbesimin fetar\u00eb p\u00ebr f\u00ebmij\u00eb dhe t\u00eb rritur, si dhe \u00ebsht\u00eb n\u00eb dispozicion t\u00eb xhematit p\u00ebr \u00e7do ceremoni fetare. Gjithashtu n\u00eb kuad\u00ebr t\u00eb xhamis\u00eb funksionon edhe sektori i femrave, me ligj\u00ebrata dhe m\u00ebsimbesim, q\u00eb dirigjohet nga personi kopmetent gjegj\u00ebsisht hafizja e Xhamis\u00eb son\u00eb. \u2022Burimet Financiare: T\u00eb gjitha k\u00ebto aktivitete mund\u00ebsohen nga an\u00ebtar\u00ebt tan\u00eb, t\u00eb cil\u00ebt kan\u00eb ndihmuar dhe vazhdojn\u00eb ta ndihmojn\u00eb k\u00ebt\u00eb xhami duke paguar an\u00ebtar\u00ebsin\u00eb vjetore prej 300 CHF p\u00ebr familje ose 350 CHF bashk\u00eb me funeralin. Mirpo kjo nuk \u00ebsht\u00eb forma e vetme e kontributit ngase kush deshiron mund t\u00eb kontribuoj\u00eb me donacione t\u00eb ndryshme dhe me shuma t\u00eb pacaktuara. Edhe ti v\u00eblla dhe mot\u00ebr q\u00eb je duke lexuar k\u00ebt\u00eb let\u00ebr mund t\u00eb ndihmosh Xhamin\u00eb materialisht n\u00eb format e lartp\u00ebrmendura, sepse xhamia ka [&hellip;]<\/p>\n","protected":false},"author":1,"featured_media":0,"parent":0,"menu_order":0,"comment_status":"closed","ping_status":"closed","template":"","meta":{"iawp_total_views":0,"footnotes":""},"class_list":["post-1996","page","type-page","status-publish","hentry"],"aioseo_notices":[],"_links":{"self":[{"href":"https:\/\/dituria.ch\/fr\/wp-json\/wp\/v2\/pages\/1996","targetHints":{"allow":["GET"]}}],"collection":[{"href":"https:\/\/dituria.ch\/fr\/wp-json\/wp\/v2\/pages"}],"about":[{"href":"https:\/\/dituria.ch\/fr\/wp-json\/wp\/v2\/types\/page"}],"author":[{"embeddable":true,"href":"https:\/\/dituria.ch\/fr\/wp-json\/wp\/v2\/users\/1"}],"replies":[{"embeddable":true,"href":"https:\/\/dituria.ch\/fr\/wp-json\/wp\/v2\/comments?post=1996"}],"version-history":[{"count":15,"href":"https:\/\/dituria.ch\/fr\/wp-json\/wp\/v2\/pages\/1996\/revisions"}],"predecessor-version":[{"id":4772,"href":"https:\/\/dituria.ch\/fr\/wp-json\/wp\/v2\/pages\/1996\/revisions\/4772"}],"wp:attachment":[{"href":"https:\/\/dituria.ch\/fr\/wp-json\/wp\/v2\/media?parent=1996"}],"curies":[{"name":"wp","href":"https:\/\/api.w.org\/{rel}","templated":true}]}}