{"id":734,"date":"2020-02-12T20:43:55","date_gmt":"2020-02-12T20:43:55","guid":{"rendered":"https:\/\/nauthemes.com\/wp\/alim\/?page_id=734"},"modified":"2023-10-06T15:42:31","modified_gmt":"2023-10-06T15:42:31","slug":"kontakti","status":"publish","type":"page","link":"https:\/\/dituria.ch\/fr\/kontakti\/","title":{"rendered":"Contact"},"content":{"rendered":"<div data-elementor-type=\"wp-page\" data-elementor-id=\"734\" class=\"elementor elementor-734\">\n\t\t\t\t\t\t<section class=\"elementor-section elementor-top-section elementor-element elementor-element-de68bbe elementor-section-stretched elementor-section-full_width elementor-section-height-default elementor-section-height-default\" data-id=\"de68bbe\" data-element_type=\"section\" data-e-type=\"section\" data-settings=\"{&quot;stretch_section&quot;:&quot;section-stretched&quot;}\">\n\t\t\t\t\t\t<div class=\"elementor-container elementor-column-gap-no\">\n\t\t\t\t\t<div class=\"elementor-column elementor-col-100 elementor-top-column elementor-element elementor-element-0064eb9\" data-id=\"0064eb9\" data-element_type=\"column\" data-e-type=\"column\">\n\t\t\t<div class=\"elementor-widget-wrap elementor-element-populated\">\n\t\t\t\t\t\t<div class=\"elementor-element elementor-element-04ddffb elementor-widget elementor-widget-info_boxes\" data-id=\"04ddffb\" data-element_type=\"widget\" data-e-type=\"widget\" data-widget_type=\"info_boxes.default\">\n\t\t\t\t<div class=\"elementor-widget-container\">\n\t\t\t\t\t\n\t\t<section class =\"alim\">\n            <div class=\"gap\">\n                <div class=\"container\">\n                    <div class=\"sec-title text-center\">\n                        <div class=\"sec-title-inner\">\n                            <span>Avez-vous des questions...!<\/span>\n                            <h3>Contactez-nous<\/h3>\n                        <\/div>\n                    <\/div>\n                    <div class=\"contact-info-wrap text-center remove-ext3\">\n                        <div class=\"row\">\t\t\n\t\t\t\t\t\t\t\t\t\t<div class=\"col-md-4 col-sm-6 col-lg-4\">\n\t\t\t\t\t\t\t\t\t\t\t<div class=\"contact-info-box\">\n\t\t\t\t\t\t\t\t\t\t\t\t<i class=\"fas fa-map-marker-alt\"><\/i>\n\t\t\t\t\t\t\t\t\t\t\t\t<strong>Notre Emplacement<\/strong>\n\t\t\t\t\t\t\t\t\t\t\t\t<span> Route de Saint-Julien 163 <\/span>\n\t\t\t\t\t\t\t\t\t\t\t\t<span>Plan-les-Ouattes, Switzerland<\/span>\n\t\t\t\t\t\t\t\t\t\t\t<\/div>\n\t\t\t\t\t\t\t\t\t\t<\/div>\t\t\n\t\t\t\t\t\t\t\t\t\t<div class=\"col-md-4 col-sm-6 col-lg-4\">\n\t\t\t\t\t\t\t\t\t\t\t<div class=\"contact-info-box\">\n\t\t\t\t\t\t\t\t\t\t\t\t<i class=\"fas fa-phone\"><\/i>\n\t\t\t\t\t\t\t\t\t\t\t\t<strong>T\u00e9l\u00e9phone<\/strong>\n\t\t\t\t\t\t\t\t\t\t\t\t<span>+41 79 710 31 75<\/span>\n\t\t\t\t\t\t\t\t\t\t\t\t<span><\/span>\n\t\t\t\t\t\t\t\t\t\t\t<\/div>\n\t\t\t\t\t\t\t\t\t\t<\/div>\t\t\n\t\t\t\t\t\t\t\t\t\t<div class=\"col-md-4 col-sm-6 col-lg-4\">\n\t\t\t\t\t\t\t\t\t\t\t<div class=\"contact-info-box\">\n\t\t\t\t\t\t\t\t\t\t\t\t<i class=\"far fa-envelope\"><\/i>\n\t\t\t\t\t\t\t\t\t\t\t\t<strong>\u00c9mail<\/strong>\n\t\t\t\t\t\t\t\t\t\t\t\t<span><\/span>\n\t\t\t\t\t\t\t\t\t\t\t\t<span>info@dituria.ch<\/span>\n\t\t\t\t\t\t\t\t\t\t\t<\/div>\n\t\t\t\t\t\t\t\t\t\t<\/div>\t \n                        <\/div>\n                    <\/div><!-- Contact Info Wrap -->\n                <\/div>\n            <\/div>\n        <\/section>\t\t\t\t<\/div>\n\t\t\t\t<\/div>\n\t\t\t\t\t<\/div>\n\t\t<\/div>\n\t\t\t\t\t<\/div>\n\t\t<\/section>\n\t\t\t\t<section class=\"elementor-section elementor-top-section elementor-element elementor-element-fef7958 elementor-section-boxed elementor-section-height-default elementor-section-height-default\" data-id=\"fef7958\" data-element_type=\"section\" data-e-type=\"section\">\n\t\t\t\t\t\t<div class=\"elementor-container elementor-column-gap-no\">\n\t\t\t\t\t<div class=\"elementor-column elementor-col-100 elementor-top-column elementor-element elementor-element-0a230dd\" data-id=\"0a230dd\" data-element_type=\"column\" data-e-type=\"column\">\n\t\t\t<div class=\"elementor-widget-wrap elementor-element-populated\">\n\t\t\t\t\t\t<div class=\"elementor-element elementor-element-cad968b elementor-widget elementor-widget-contact_form\" data-id=\"cad968b\" data-element_type=\"widget\" data-e-type=\"widget\" data-widget_type=\"contact_form.default\">\n\t\t\t\t<div class=\"elementor-widget-container\">\n\t\t\t\t\t\n\t\t\n\t\t<section class = \"alim\">\n            <div class=\"gap\">\n                <div class=\"container\">\n                    <div class=\"sec-title text-center\">\n                        <div class=\"sec-title-inner\">\n                            <span>Si vous avez des questions<\/span>\n                            <h3>Envoyer une Message<\/h3>\n                        <\/div>\n                    <\/div>\n                    <div class=\"contact-form text-center\">\n                       <p>\n<div class=\"wpcf7 no-js\" id=\"wpcf7-f2677-o1\" lang=\"en-US\" dir=\"ltr\" data-wpcf7-id=\"2677\">\n<div class=\"screen-reader-response\"><p role=\"status\" aria-live=\"polite\" aria-atomic=\"true\"><\/p> <ul><\/ul><\/div>\n<form action=\"\/fr\/wp-json\/wp\/v2\/pages\/734#wpcf7-f2677-o1\" method=\"post\" class=\"wpcf7-form init\" aria-label=\"Contact form\" novalidate=\"novalidate\" data-status=\"init\" data-trp-original-action=\"\/fr\/wp-json\/wp\/v2\/pages\/734#wpcf7-f2677-o1\">\n<fieldset class=\"hidden-fields-container\"><input type=\"hidden\" name=\"_wpcf7\" value=\"2677\" \/><input type=\"hidden\" name=\"_wpcf7_version\" value=\"6.1.5\" \/><input type=\"hidden\" name=\"_wpcf7_locale\" value=\"en_US\" \/><input type=\"hidden\" name=\"_wpcf7_unit_tag\" value=\"wpcf7-f2677-o1\" \/><input type=\"hidden\" name=\"_wpcf7_container_post\" value=\"0\" \/><input type=\"hidden\" name=\"_wpcf7_posted_data_hash\" value=\"\" \/>\n<\/fieldset>\n<div class=\"row mrg20\">\n\t<div class=\"col-md-6 col-sm-6 col-lg-6\">\n\t\t<p><span class=\"wpcf7-form-control-wrap\" data-name=\"text-694\"><input size=\"40\" maxlength=\"400\" class=\"wpcf7-form-control wpcf7-text\" aria-invalid=\"false\" placeholder=\"Nom Pr\u00e9nom\" value=\"\" type=\"text\" name=\"text-694\" \/><\/span>\n\t\t<\/p>\n\t<\/div>\n\t<div class=\"col-md-6 col-sm-6 col-lg-6\">\n\t\t<p><span class=\"wpcf7-form-control-wrap\" data-name=\"email-643\"><input size=\"40\" maxlength=\"400\" class=\"wpcf7-form-control wpcf7-email wpcf7-text wpcf7-validates-as-email\" aria-invalid=\"false\" placeholder=\"\u00c9mail\" value=\"\" type=\"email\" name=\"email-643\" \/><\/span>\n\t\t<\/p>\n\t<\/div>\n\t<div class=\"col-md-6 col-sm-6 col-lg-6\">\n\t\t<p><span class=\"wpcf7-form-control-wrap\" data-name=\"text-548\"><input size=\"40\" maxlength=\"400\" class=\"wpcf7-form-control wpcf7-text\" aria-invalid=\"false\" placeholder=\"T\u00e9l\u00e9phone\" value=\"\" type=\"text\" name=\"text-548\" \/><\/span>\n\t\t<\/p>\n\t<\/div>\n\t<div class=\"col-md-6 col-sm-6 col-lg-6\">\n\t\t<p><span class=\"wpcf7-form-control-wrap\" data-name=\"text-548\"><input size=\"40\" maxlength=\"400\" class=\"wpcf7-form-control wpcf7-text\" aria-invalid=\"false\" placeholder=\"Sujet\" value=\"\" type=\"text\" name=\"text-548\" \/><\/span>\n\t\t<\/p>\n\t<\/div>\n\t<div class=\"col-md-12 col-sm-12 col-lg-12\">\n\t\t<p><span class=\"wpcf7-form-control-wrap\" data-name=\"textarea-438\"><textarea cols=\"40\" rows=\"10\" maxlength=\"2000\" class=\"wpcf7-form-control wpcf7-textarea\" aria-invalid=\"false\" placeholder=\"Message\" name=\"textarea-438\"><\/textarea><\/span><br \/>\n<input class=\"wpcf7-form-control wpcf7-submit has-spinner thm-btn brd-rd40\" type=\"submit\" value=\"Envoyer\" \/>\n\t\t<\/p>\n\t<\/div>\n<\/div><div class=\"wpcf7-response-output\" aria-hidden=\"true\"><\/div>\n<input type=\"hidden\" name=\"trp-form-language\" value=\"fr\"\/><\/form>\n<\/div>\n<\/p>\n                    <\/div>\n                <\/div>\n            <\/div>\n        <\/section>\t\t\t\t<\/div>\n\t\t\t\t<\/div>\n\t\t\t\t\t<\/div>\n\t\t<\/div>\n\t\t\t\t\t<\/div>\n\t\t<\/section>\n\t\t\t\t<section class=\"elementor-section elementor-top-section elementor-element elementor-element-c88d564 elementor-section-stretched elementor-section-full_width elementor-section-height-default elementor-section-height-default\" data-id=\"c88d564\" data-element_type=\"section\" data-e-type=\"section\" data-settings=\"{&quot;stretch_section&quot;:&quot;section-stretched&quot;}\">\n\t\t\t\t\t\t<div class=\"elementor-container elementor-column-gap-no\">\n\t\t\t\t\t<div class=\"elementor-column elementor-col-100 elementor-top-column elementor-element elementor-element-79a9dae\" data-id=\"79a9dae\" data-element_type=\"column\" data-e-type=\"column\">\n\t\t\t<div class=\"elementor-widget-wrap elementor-element-populated\">\n\t\t\t\t\t\t<div class=\"elementor-element elementor-element-c31ab0e elementor-widget elementor-widget-google_maps\" data-id=\"c31ab0e\" data-element_type=\"widget\" data-e-type=\"widget\" data-widget_type=\"google_maps.default\">\n\t\t\t\t<div class=\"elementor-widget-container\">\n\t\t\t\t\t\t\t<div class=\"elementor-custom-embed\">\n\t\t\t<iframe loading=\"lazy\"\n\t\t\t\t\tsrc=\"https:\/\/maps.google.com\/maps?q=%20Route%20de%20Saint-Julien%20163%2C%20Plan-les-Ouattes%2C%20Switzerland&#038;t=m&#038;z=17&#038;output=embed&#038;iwloc=near\"\n\t\t\t\t\ttitle=\" Route de Saint-Julien 163, Plan-les-Ouattes, Switzerland\"\n\t\t\t\t\taria-label=\" Route de Saint-Julien 163, Plan-les-Ouattes, Switzerland\"\n\t\t\t><\/iframe>\n\t\t<\/div>\n\t\t\t\t\t\t<\/div>\n\t\t\t\t<\/div>\n\t\t\t\t\t<\/div>\n\t\t<\/div>\n\t\t\t\t\t<\/div>\n\t\t<\/section>\n\t\t\t\t<\/div>","protected":false},"excerpt":{"rendered":"<p>Keni ndonj\u00eb pyetje&#8230;! Na Kontaktoni Vendndodhja jon\u00eb Route de Saint-Julien 163 Plan-les-Ouattes, Switzerland Telefoni +41 79 710 31 75 Emaili info@dituria.ch N\u00ebse keni ndonj\u00eb pyetje D\u00ebrgoni mesazh<\/p>","protected":false},"author":1,"featured_media":0,"parent":0,"menu_order":0,"comment_status":"closed","ping_status":"closed","template":"","meta":{"iawp_total_views":3873,"footnotes":""},"class_list":["post-734","page","type-page","status-publish","hentry"],"aioseo_notices":[],"_links":{"self":[{"href":"https:\/\/dituria.ch\/fr\/wp-json\/wp\/v2\/pages\/734","targetHints":{"allow":["GET"]}}],"collection":[{"href":"https:\/\/dituria.ch\/fr\/wp-json\/wp\/v2\/pages"}],"about":[{"href":"https:\/\/dituria.ch\/fr\/wp-json\/wp\/v2\/types\/page"}],"author":[{"embeddable":true,"href":"https:\/\/dituria.ch\/fr\/wp-json\/wp\/v2\/users\/1"}],"replies":[{"embeddable":true,"href":"https:\/\/dituria.ch\/fr\/wp-json\/wp\/v2\/comments?post=734"}],"version-history":[{"count":25,"href":"https:\/\/dituria.ch\/fr\/wp-json\/wp\/v2\/pages\/734\/revisions"}],"predecessor-version":[{"id":4886,"href":"https:\/\/dituria.ch\/fr\/wp-json\/wp\/v2\/pages\/734\/revisions\/4886"}],"wp:attachment":[{"href":"https:\/\/dituria.ch\/fr\/wp-json\/wp\/v2\/media?parent=734"}],"curies":[{"name":"wp","href":"https:\/\/api.w.org\/{rel}","templated":true}]}}